{"id":747,"date":"2023-09-14T04:19:38","date_gmt":"2023-09-14T04:19:38","guid":{"rendered":"https:\/\/kledamystravel.com\/?page_id=747"},"modified":"2023-09-14T04:29:03","modified_gmt":"2023-09-14T04:29:03","slug":"terminos-y-condiciones","status":"publish","type":"page","link":"https:\/\/kledamystravel.com\/index.php\/terminos-y-condiciones\/","title":{"rendered":"T\u00e9rminos y condiciones"},"content":{"rendered":"\t\t<div data-elementor-type=\"wp-page\" data-elementor-id=\"747\" class=\"elementor elementor-747\">\n\t\t\t\t\t\t<section class=\"elementor-section elementor-top-section elementor-element elementor-element-cf4792b elementor-section-boxed elementor-section-height-default elementor-section-height-default\" data-id=\"cf4792b\" data-element_type=\"section\" data-e-type=\"section\">\n\t\t\t\t\t\t<div class=\"elementor-container elementor-column-gap-default\">\n\t\t\t\t\t<div class=\"elementor-column elementor-col-100 elementor-top-column elementor-element elementor-element-4097857\" data-id=\"4097857\" data-element_type=\"column\" data-e-type=\"column\">\n\t\t\t<div class=\"elementor-widget-wrap elementor-element-populated\">\n\t\t\t\t\t\t<div class=\"elementor-element elementor-element-223d71c de_scroll_animation_no elementor-invisible elementor-widget elementor-widget-heading\" data-id=\"223d71c\" data-element_type=\"widget\" data-e-type=\"widget\" data-settings=\"{&quot;_animation&quot;:&quot;fadeIn&quot;}\" data-widget_type=\"heading.default\">\n\t\t\t\t<div class=\"elementor-widget-container\">\n\t\t\t\t\t<h2 class=\"elementor-heading-title elementor-size-default\">T\u00e9rminos y condiciones<\/h2>\t\t\t\t<\/div>\n\t\t\t\t<\/div>\n\t\t\t\t\t<\/div>\n\t\t<\/div>\n\t\t\t\t\t<\/div>\n\t\t<\/section>\n\t\t\t\t<section class=\"elementor-section elementor-top-section elementor-element elementor-element-f4c278a elementor-section-boxed elementor-section-height-default elementor-section-height-default\" data-id=\"f4c278a\" data-element_type=\"section\" data-e-type=\"section\">\n\t\t\t\t\t\t<div class=\"elementor-container elementor-column-gap-default\">\n\t\t\t\t\t<div class=\"elementor-column elementor-col-100 elementor-top-column elementor-element elementor-element-58e16b1\" data-id=\"58e16b1\" data-element_type=\"column\" data-e-type=\"column\">\n\t\t\t<div class=\"elementor-widget-wrap\">\n\t\t\t\t\t\t\t<\/div>\n\t\t<\/div>\n\t\t\t\t\t<\/div>\n\t\t<\/section>\n\t\t\t\t<section class=\"elementor-section elementor-top-section elementor-element elementor-element-965c11f elementor-section-boxed elementor-section-height-default elementor-section-height-default\" data-id=\"965c11f\" data-element_type=\"section\" data-e-type=\"section\">\n\t\t\t\t\t\t<div class=\"elementor-container elementor-column-gap-default\">\n\t\t\t\t\t<div class=\"elementor-column elementor-col-100 elementor-top-column elementor-element elementor-element-8bfc5a9\" data-id=\"8bfc5a9\" data-element_type=\"column\" data-e-type=\"column\">\n\t\t\t<div class=\"elementor-widget-wrap elementor-element-populated\">\n\t\t\t\t\t\t<div class=\"elementor-element elementor-element-3ba8bf6 de_scroll_animation_no elementor-invisible elementor-widget elementor-widget-image\" data-id=\"3ba8bf6\" data-element_type=\"widget\" data-e-type=\"widget\" data-settings=\"{&quot;_animation&quot;:&quot;fadeIn&quot;}\" data-widget_type=\"image.default\">\n\t\t\t\t<div class=\"elementor-widget-container\">\n\t\t\t\t\t\t\t\t\t\t\t\t\t\t\t<img fetchpriority=\"high\" decoding=\"async\" width=\"300\" height=\"212\" src=\"https:\/\/kledamystravel.com\/wp-content\/uploads\/2023\/04\/LOGO-KLEDAMIS-UFFICIALE_bkg-transp-outline-nero-300x212.png\" class=\"attachment-medium size-medium wp-image-232\" alt=\"\" srcset=\"https:\/\/kledamystravel.com\/wp-content\/uploads\/2023\/04\/LOGO-KLEDAMIS-UFFICIALE_bkg-transp-outline-nero-300x212.png 300w, https:\/\/kledamystravel.com\/wp-content\/uploads\/2023\/04\/LOGO-KLEDAMIS-UFFICIALE_bkg-transp-outline-nero-768x543.png 768w, https:\/\/kledamystravel.com\/wp-content\/uploads\/2023\/04\/LOGO-KLEDAMIS-UFFICIALE_bkg-transp-outline-nero.png 842w\" sizes=\"(max-width: 300px) 100vw, 300px\" \/>\t\t\t\t\t\t\t\t\t\t\t\t\t\t\t<\/div>\n\t\t\t\t<\/div>\n\t\t\t\t\t<\/div>\n\t\t<\/div>\n\t\t\t\t\t<\/div>\n\t\t<\/section>\n\t\t\t\t<section class=\"elementor-section elementor-top-section elementor-element elementor-element-cc4f529 elementor-section-boxed elementor-section-height-default elementor-section-height-default\" data-id=\"cc4f529\" data-element_type=\"section\" data-e-type=\"section\">\n\t\t\t\t\t\t<div class=\"elementor-container elementor-column-gap-default\">\n\t\t\t\t\t<div class=\"elementor-column elementor-col-100 elementor-top-column elementor-element elementor-element-3674cbb\" data-id=\"3674cbb\" data-element_type=\"column\" data-e-type=\"column\">\n\t\t\t<div class=\"elementor-widget-wrap elementor-element-populated\">\n\t\t\t\t\t\t<div class=\"elementor-element elementor-element-cc4db9d de_scroll_animation_no elementor-invisible elementor-widget elementor-widget-text-editor\" data-id=\"cc4db9d\" data-element_type=\"widget\" data-e-type=\"widget\" data-settings=\"{&quot;_animation&quot;:&quot;fadeIn&quot;}\" data-widget_type=\"text-editor.default\">\n\t\t\t\t<div class=\"elementor-widget-container\">\n\t\t\t\t\t\t\t\t\t<p><strong style=\"color: var( --e-global-color-text ); font-family: var( --e-global-typography-text-font-family ), Sans-serif; font-size: var( --e-global-typography-text-font-size );\">Fecha de \u00faltima actualizaci\u00f3n:<\/strong><span style=\"color: var( --e-global-color-text ); font-family: var( --e-global-typography-text-font-family ), Sans-serif; font-size: var( --e-global-typography-text-font-size ); font-weight: var( --e-global-typography-text-font-weight );\"> 13-09-2023<\/span><br><\/p>\n<p>Por favor, lea detenidamente estos T\u00e9rminos y Condiciones de Uso antes de utilizar el sitio web de Kledamys Travel . El acceso y uso de este sitio web est\u00e1n sujetos a su aceptaci\u00f3n y cumplimiento de estos T\u00e9rminos. Si no est\u00e1 de acuerdo con alguno de estos t\u00e9rminos, le recomendamos que no utilice nuestro sitio web.<\/p>\n<p><strong>1. Uso del Sitio<\/strong><\/p>\n<p>1.1. Usted acepta utilizar este sitio web \u00fanicamente para fines legales y de acuerdo con estos T\u00e9rminos.<\/p>\n<p>1.2. Usted se compromete a no utilizar este sitio web de manera que pueda causar da\u00f1o, interrupci\u00f3n o perjuicio a la disponibilidad o accesibilidad del sitio web, o de cualquier manera que sea ilegal, fraudulenta o perjudicial.<\/p>\n<p><strong>2. Reservas y Pagos<\/strong><\/p>\n<p>2.1. Al hacer una reserva a trav\u00e9s de nuestro sitio web, usted acepta proporcionar informaci\u00f3n precisa y completa, incluidos los detalles de pago v\u00e1lidos.<\/p>\n<p>2.2. Todas las transacciones de pago se procesar\u00e1n de conformidad con nuestras pol\u00edticas de pago y cancelaci\u00f3n vigentes en ese momento. Lea atentamente nuestras pol\u00edticas antes de realizar una reserva.<\/p>\n<p><strong>3. Privacidad<\/strong><\/p>\n<p>3.1. Su uso de este sitio web tambi\u00e9n est\u00e1 sujeto a nuestra Pol\u00edtica de Privacidad, que puede consultar en <a href=\"https:\/\/kledamystravel.com\/index.php\/politica-de-privacidad\/\">https:\/\/kledamystravel.com\/index.php\/politica-de-privacidad\/<\/a>.<\/p>\n<p><strong>4. Cambios y Cancelaciones<\/strong><\/p>\n<p>4.1. Nos reservamos el derecho de realizar cambios en nuestros servicios, tarifas y disponibilidad en cualquier momento sin previo aviso.<\/p>\n<p>4.2. Las cancelaciones est\u00e1n sujetas a nuestras pol\u00edticas de cancelaci\u00f3n, que se especificar\u00e1n al hacer una reserva.<\/p>\n<p><strong>5. Derechos de Propiedad Intelectual<\/strong><\/p>\n<p>5.1. Todo el contenido de este sitio web, incluyendo, entre otros, texto, gr\u00e1ficos, logotipos, im\u00e1genes y software, est\u00e1 protegido por derechos de autor y otras leyes de propiedad intelectual.<\/p>\n<p><strong>6. Limitaci\u00f3n de Responsabilidad<\/strong><\/p>\n<p>6.1. No seremos responsables de da\u00f1os directos, indirectos, incidentales, especiales o consecuentes resultantes de su uso o incapacidad para usar este sitio web.<\/p>\n<p><strong>7. Enlaces a Terceros<\/strong><\/p>\n<p>7.1. Este sitio web puede contener enlaces a sitios web de terceros. No somos responsables del contenido, la precisi\u00f3n ni las pr\u00e1cticas de privacidad de los sitios web de terceros.<\/p>\n<p><strong>8. Jurisdicci\u00f3n y Ley Aplicable<\/strong><\/p>\n<p>8.1. Estos T\u00e9rminos se regir\u00e1n e interpretar\u00e1n de acuerdo con las leyes de Genova , y cualquier disputa que surja en relaci\u00f3n con estos T\u00e9rminos estar\u00e1 sujeta a la jurisdicci\u00f3n exclusiva de los tribunales de Genova.<\/p>\n<p><strong>9. Cambios en los T\u00e9rminos<\/strong><\/p>\n<p>9.1. Nos reservamos el derecho de modificar estos T\u00e9rminos en cualquier momento. La fecha de la \u00faltima actualizaci\u00f3n se indicar\u00e1 al principio de estos T\u00e9rminos.<\/p>\n<p><strong>10. Contacto<\/strong><\/p>\n<p>10.1. Si tiene alguna pregunta o inquietud sobre estos T\u00e9rminos y Condiciones, no dude en ponerse en contacto con nosotros eninfo@kledamystravel.com .<\/p>\t\t\t\t\t\t\t\t<\/div>\n\t\t\t\t<\/div>\n\t\t\t\t\t<\/div>\n\t\t<\/div>\n\t\t\t\t\t<\/div>\n\t\t<\/section>\n\t\t\t\t<\/div>\n\t\t","protected":false},"excerpt":{"rendered":"<p>T\u00e9rminos y condiciones Fecha de \u00faltima actualizaci\u00f3n: 13-09-2023 Por favor, lea detenidamente estos T\u00e9rminos y Condiciones de Uso antes de utilizar el sitio web de Kledamys Travel . El acceso y uso de este sitio web est\u00e1n sujetos a su aceptaci\u00f3n y cumplimiento de estos T\u00e9rminos. Si no est\u00e1 de acuerdo con alguno de estos [&hellip;]<\/p>\n","protected":false},"author":1,"featured_media":0,"parent":0,"menu_order":0,"comment_status":"closed","ping_status":"closed","template":"blank","meta":{"footnotes":""},"class_list":["post-747","page","type-page","status-publish","hentry"],"_links":{"self":[{"href":"https:\/\/kledamystravel.com\/index.php\/wp-json\/wp\/v2\/pages\/747","targetHints":{"allow":["GET"]}}],"collection":[{"href":"https:\/\/kledamystravel.com\/index.php\/wp-json\/wp\/v2\/pages"}],"about":[{"href":"https:\/\/kledamystravel.com\/index.php\/wp-json\/wp\/v2\/types\/page"}],"author":[{"embeddable":true,"href":"https:\/\/kledamystravel.com\/index.php\/wp-json\/wp\/v2\/users\/1"}],"replies":[{"embeddable":true,"href":"https:\/\/kledamystravel.com\/index.php\/wp-json\/wp\/v2\/comments?post=747"}],"version-history":[{"count":10,"href":"https:\/\/kledamystravel.com\/index.php\/wp-json\/wp\/v2\/pages\/747\/revisions"}],"predecessor-version":[{"id":764,"href":"https:\/\/kledamystravel.com\/index.php\/wp-json\/wp\/v2\/pages\/747\/revisions\/764"}],"wp:attachment":[{"href":"https:\/\/kledamystravel.com\/index.php\/wp-json\/wp\/v2\/media?parent=747"}],"curies":[{"name":"wp","href":"https:\/\/api.w.org\/{rel}","templated":true}]}}