{"id":710,"date":"2023-09-13T15:11:19","date_gmt":"2023-09-13T15:11:19","guid":{"rendered":"https:\/\/kledamystravel.com\/?page_id=710"},"modified":"2023-09-14T04:04:14","modified_gmt":"2023-09-14T04:04:14","slug":"politica-de-privacidad","status":"publish","type":"page","link":"https:\/\/kledamystravel.com\/index.php\/politica-de-privacidad\/","title":{"rendered":"Pol\u00edtica de privacidad"},"content":{"rendered":"\t\t<div data-elementor-type=\"wp-page\" data-elementor-id=\"710\" class=\"elementor elementor-710\">\n\t\t\t\t\t\t<section class=\"elementor-section elementor-top-section elementor-element elementor-element-cf4792b elementor-section-boxed elementor-section-height-default elementor-section-height-default\" data-id=\"cf4792b\" data-element_type=\"section\" data-e-type=\"section\">\n\t\t\t\t\t\t<div class=\"elementor-container elementor-column-gap-default\">\n\t\t\t\t\t<div class=\"elementor-column elementor-col-100 elementor-top-column elementor-element elementor-element-4097857\" data-id=\"4097857\" data-element_type=\"column\" data-e-type=\"column\">\n\t\t\t<div class=\"elementor-widget-wrap elementor-element-populated\">\n\t\t\t\t\t\t<div class=\"elementor-element elementor-element-223d71c de_scroll_animation_no elementor-invisible elementor-widget elementor-widget-heading\" data-id=\"223d71c\" data-element_type=\"widget\" data-e-type=\"widget\" data-settings=\"{&quot;_animation&quot;:&quot;fadeIn&quot;}\" data-widget_type=\"heading.default\">\n\t\t\t\t<div class=\"elementor-widget-container\">\n\t\t\t\t\t<h2 class=\"elementor-heading-title elementor-size-default\">Pol\u00edtica de privacidad<\/h2>\t\t\t\t<\/div>\n\t\t\t\t<\/div>\n\t\t\t\t\t<\/div>\n\t\t<\/div>\n\t\t\t\t\t<\/div>\n\t\t<\/section>\n\t\t\t\t<section class=\"elementor-section elementor-top-section elementor-element elementor-element-f4c278a elementor-section-boxed elementor-section-height-default elementor-section-height-default\" data-id=\"f4c278a\" data-element_type=\"section\" data-e-type=\"section\">\n\t\t\t\t\t\t<div class=\"elementor-container elementor-column-gap-default\">\n\t\t\t\t\t<div class=\"elementor-column elementor-col-100 elementor-top-column elementor-element elementor-element-58e16b1\" data-id=\"58e16b1\" data-element_type=\"column\" data-e-type=\"column\">\n\t\t\t<div class=\"elementor-widget-wrap\">\n\t\t\t\t\t\t\t<\/div>\n\t\t<\/div>\n\t\t\t\t\t<\/div>\n\t\t<\/section>\n\t\t\t\t<section class=\"elementor-section elementor-top-section elementor-element elementor-element-965c11f elementor-section-boxed elementor-section-height-default elementor-section-height-default\" data-id=\"965c11f\" data-element_type=\"section\" data-e-type=\"section\">\n\t\t\t\t\t\t<div class=\"elementor-container elementor-column-gap-default\">\n\t\t\t\t\t<div class=\"elementor-column elementor-col-100 elementor-top-column elementor-element elementor-element-8bfc5a9\" data-id=\"8bfc5a9\" data-element_type=\"column\" data-e-type=\"column\">\n\t\t\t<div class=\"elementor-widget-wrap elementor-element-populated\">\n\t\t\t\t\t\t<div class=\"elementor-element elementor-element-3ba8bf6 de_scroll_animation_no elementor-invisible elementor-widget elementor-widget-image\" data-id=\"3ba8bf6\" data-element_type=\"widget\" data-e-type=\"widget\" data-settings=\"{&quot;_animation&quot;:&quot;fadeIn&quot;}\" data-widget_type=\"image.default\">\n\t\t\t\t<div class=\"elementor-widget-container\">\n\t\t\t\t\t\t\t\t\t\t\t\t\t\t\t<img fetchpriority=\"high\" decoding=\"async\" width=\"300\" height=\"212\" src=\"https:\/\/kledamystravel.com\/wp-content\/uploads\/2023\/04\/LOGO-KLEDAMIS-UFFICIALE_bkg-transp-outline-nero-300x212.png\" class=\"attachment-medium size-medium wp-image-232\" alt=\"\" srcset=\"https:\/\/kledamystravel.com\/wp-content\/uploads\/2023\/04\/LOGO-KLEDAMIS-UFFICIALE_bkg-transp-outline-nero-300x212.png 300w, https:\/\/kledamystravel.com\/wp-content\/uploads\/2023\/04\/LOGO-KLEDAMIS-UFFICIALE_bkg-transp-outline-nero-768x543.png 768w, https:\/\/kledamystravel.com\/wp-content\/uploads\/2023\/04\/LOGO-KLEDAMIS-UFFICIALE_bkg-transp-outline-nero.png 842w\" sizes=\"(max-width: 300px) 100vw, 300px\" \/>\t\t\t\t\t\t\t\t\t\t\t\t\t\t\t<\/div>\n\t\t\t\t<\/div>\n\t\t\t\t\t<\/div>\n\t\t<\/div>\n\t\t\t\t\t<\/div>\n\t\t<\/section>\n\t\t\t\t<section class=\"elementor-section elementor-top-section elementor-element elementor-element-cc4f529 elementor-section-boxed elementor-section-height-default elementor-section-height-default\" data-id=\"cc4f529\" data-element_type=\"section\" data-e-type=\"section\">\n\t\t\t\t\t\t<div class=\"elementor-container elementor-column-gap-default\">\n\t\t\t\t\t<div class=\"elementor-column elementor-col-100 elementor-top-column elementor-element elementor-element-3674cbb\" data-id=\"3674cbb\" data-element_type=\"column\" data-e-type=\"column\">\n\t\t\t<div class=\"elementor-widget-wrap elementor-element-populated\">\n\t\t\t\t\t\t<div class=\"elementor-element elementor-element-cc4db9d de_scroll_animation_no elementor-invisible elementor-widget elementor-widget-text-editor\" data-id=\"cc4db9d\" data-element_type=\"widget\" data-e-type=\"widget\" data-settings=\"{&quot;_animation&quot;:&quot;fadeIn&quot;}\" data-widget_type=\"text-editor.default\">\n\t\t\t\t<div class=\"elementor-widget-container\">\n\t\t\t\t\t\t\t\t\t<p><strong style=\"color: var( --e-global-color-text ); font-family: var( --e-global-typography-text-font-family ), Sans-serif; font-size: var( --e-global-typography-text-font-size );\">Fecha de \u00faltima actualizaci\u00f3n:<\/strong><span style=\"color: var( --e-global-color-text ); font-family: var( --e-global-typography-text-font-family ), Sans-serif; font-size: var( --e-global-typography-text-font-size ); font-weight: var( --e-global-typography-text-font-weight );\"> 13-09-2023<\/span><\/p>\n<p><strong>1. Informaci\u00f3n Personal Recopilada<\/strong><\/p>\n<p>En Kledamys&nbsp; Travel, estamos comprometidos a proteger su privacidad y la seguridad de su informaci\u00f3n personal. Recopilamos informaci\u00f3n personal que nos proporciona voluntariamente cuando utiliza nuestros servicios, incluyendo, pero no limitado a:<\/p>\n<ul>\n<li><span style=\"color: var( --e-global-color-text ); font-family: var( --e-global-typography-text-font-family ), Sans-serif; font-size: var( --e-global-typography-text-font-size );\"><b>Informaci\u00f3n de contacto<\/b><\/span><span style=\"color: var( --e-global-color-text ); font-family: var( --e-global-typography-text-font-family ), Sans-serif; font-size: var( --e-global-typography-text-font-size ); font-weight: var( --e-global-typography-text-font-weight );\"> (nombre, direcci\u00f3n de correo electr\u00f3nico, n\u00famero de tel\u00e9fono).<\/span><\/li>\n<li><b>Informaci\u00f3n de identificaci\u00f3n<\/b> (documento de identidad, pasaporte, fecha de nacimiento).<\/li>\n<li><b>Informaci\u00f3n de viaje<\/b> (fechas de viaje, destinos, preferencias).<\/li>\n<li><b>Informaci\u00f3n de pago<\/b> (tarjeta de cr\u00e9dito, detalles de facturaci\u00f3n).<\/li>\n<\/ul>\n<p><strong>2. Uso de la Informaci\u00f3n Personal<\/strong><\/p>\n<p>Utilizamos la informaci\u00f3n personal recopilada para los siguientes fines:<\/p>\n<p>Procesar y confirmar reservas de viaje.<br><\/p>\n<ul>\n<li>Brindar servicios de atenci\u00f3n al cliente.<\/li>\n<li>Personalizar su experiencia de viaje.<\/li>\n<li>Enviar informaci\u00f3n sobre promociones y ofertas.<\/li>\n<li>Cumplir con las leyes y regulaciones aplicables.<\/li>\n<\/ul>\n<p><strong>3. Compartir Informaci\u00f3n Personal<\/strong><\/p>\n<p>No vendemos ni alquilamos su informaci\u00f3n personal a terceros. Sin embargo, podemos compartir su informaci\u00f3n con:<\/p>\n<ul>\n<li>Proveedores de servicios de viaje (aerol\u00edneas, hoteles, agencias locales).<\/li>\n<li>Autoridades gubernamentales para cumplir con los requisitos legales.<\/li>\n<li>Terceros que brindan servicios en nuestro nombre (por ejemplo, procesadores de pagos).<\/li>\n<\/ul>\n<p><strong>4. Seguridad de la Informaci\u00f3n<\/strong><\/p>\n<p>Tomamos medidas para proteger su informaci\u00f3n personal y garantizar su seguridad. Utilizamos protocolos de seguridad est\u00e1ndar de la industria y procedimientos internos para mantener sus datos seguros.<\/p>\n<p><strong>5. Sus Derechos y Opciones<\/strong><\/p>\n<p>Usted tiene derecho a acceder, corregir o eliminar su informaci\u00f3n personal. Tambi\u00e9n puede optar por no recibir comunicaciones de marketing de nuestra parte.<\/p>\n<p><strong>6. Cambios en la Pol\u00edtica de Privacidad<\/strong><\/p>\n<p>Esta pol\u00edtica de privacidad est\u00e1 sujeta a cambios peri\u00f3dicos. Cualquier cambio ser\u00e1 publicado en esta p\u00e1gina y ser\u00e1 efectivo a partir de la fecha de su publicaci\u00f3n.<\/p>\n<p><strong>7. Contacto<\/strong><\/p>\n<p>Si tiene alguna pregunta o inquietud sobre esta pol\u00edtica de privacidad o sobre c\u00f3mo manejamos su informaci\u00f3n personal, no dude en ponerse en contacto con nosotros en info@kledamystravel.com.<\/p>\n<p>Gracias por elegir Kledamys Travel. Valoramos su confianza y estamos comprometidos a proteger su privacidad.<\/p>\t\t\t\t\t\t\t\t<\/div>\n\t\t\t\t<\/div>\n\t\t\t\t\t<\/div>\n\t\t<\/div>\n\t\t\t\t\t<\/div>\n\t\t<\/section>\n\t\t\t\t<\/div>\n\t\t","protected":false},"excerpt":{"rendered":"<p>Pol\u00edtica de privacidad Fecha de \u00faltima actualizaci\u00f3n: 13-09-2023 1. Informaci\u00f3n Personal Recopilada En Kledamys&nbsp; Travel, estamos comprometidos a proteger su privacidad y la seguridad de su informaci\u00f3n personal. Recopilamos informaci\u00f3n personal que nos proporciona voluntariamente cuando utiliza nuestros servicios, incluyendo, pero no limitado a: Informaci\u00f3n de contacto (nombre, direcci\u00f3n de correo electr\u00f3nico, n\u00famero de tel\u00e9fono). [&hellip;]<\/p>\n","protected":false},"author":1,"featured_media":0,"parent":0,"menu_order":0,"comment_status":"closed","ping_status":"closed","template":"blank","meta":{"footnotes":""},"class_list":["post-710","page","type-page","status-publish","hentry"],"_links":{"self":[{"href":"https:\/\/kledamystravel.com\/index.php\/wp-json\/wp\/v2\/pages\/710","targetHints":{"allow":["GET"]}}],"collection":[{"href":"https:\/\/kledamystravel.com\/index.php\/wp-json\/wp\/v2\/pages"}],"about":[{"href":"https:\/\/kledamystravel.com\/index.php\/wp-json\/wp\/v2\/types\/page"}],"author":[{"embeddable":true,"href":"https:\/\/kledamystravel.com\/index.php\/wp-json\/wp\/v2\/users\/1"}],"replies":[{"embeddable":true,"href":"https:\/\/kledamystravel.com\/index.php\/wp-json\/wp\/v2\/comments?post=710"}],"version-history":[{"count":25,"href":"https:\/\/kledamystravel.com\/index.php\/wp-json\/wp\/v2\/pages\/710\/revisions"}],"predecessor-version":[{"id":743,"href":"https:\/\/kledamystravel.com\/index.php\/wp-json\/wp\/v2\/pages\/710\/revisions\/743"}],"wp:attachment":[{"href":"https:\/\/kledamystravel.com\/index.php\/wp-json\/wp\/v2\/media?parent=710"}],"curies":[{"name":"wp","href":"https:\/\/api.w.org\/{rel}","templated":true}]}}